{"id":87,"date":"2017-07-09T08:36:31","date_gmt":"2017-07-09T08:36:31","guid":{"rendered":"http:\/\/nowa.domekwdolinie.pl\/?page_id=87"},"modified":"2025-08-13T10:42:22","modified_gmt":"2025-08-13T10:42:22","slug":"imprezy","status":"publish","type":"page","link":"https:\/\/domekwdolinie.pl\/?page_id=87","title":{"rendered":"Imprezy","raw":"Imprezy"},"content":{"rendered":"<p>W naszej restauracji zorganizuj\u0105 Pa\u0144stwo doskona\u0142e, kameralne wesele i inne przyj\u0119cia okoliczno\u015bciowe (chrzty, komunie, rocznice).<\/p>\n<p><strong>Zach\u0119camy do z\u0142o\u017cenia indywidulaniego zapytania o ofert\u0119, kt\u00f3r\u0105 dostosujemy do Pa\u0144stwa \u017cycze\u0144.<\/strong><\/p>\n<p>Restauracja posiada 2 sale (50 i 40 miejsc), doskonale nadaj\u0105ce si\u0119 do organizowania imprez okoliczno\u015bciowych. Oryginalny wystr\u00f3j wn\u0119trza i przyjemny kameralny klimat stwarzaj\u0105 niepowtarzaln\u0105 atmosfer\u0119 uroczysto\u015bci. Profesjonalna obs\u0142uga i wytworne menu to gwarancja udanej imprezy.<\/p>\n<p><a href=\"\/menu-na-wesela\/\"><\/a><\/p>\n","protected":false,"raw":"W naszej restauracji zorganizuj\u0105 Pa\u0144stwo doskona\u0142e, kameralne wesele i inne przyj\u0119cia okoliczno\u015bciowe (chrzty, komunie, rocznice).\n\n<strong>Zach\u0119camy do z\u0142o\u017cenia indywidulaniego zapytania o ofert\u0119, kt\u00f3r\u0105 dostosujemy do Pa\u0144stwa \u017cycze\u0144.<\/strong>\n\nRestauracja posiada 2 sale (50 i 40 miejsc), doskonale nadaj\u0105ce si\u0119 do organizowania imprez okoliczno\u015bciowych. Oryginalny wystr\u00f3j wn\u0119trza i przyjemny kameralny klimat stwarzaj\u0105 niepowtarzaln\u0105 atmosfer\u0119 uroczysto\u015bci. Profesjonalna obs\u0142uga i wytworne menu to gwarancja udanej imprezy.\n\n<a href=\"\/menu-na-wesela\/\"><\/a>"},"excerpt":{"rendered":"","protected":false,"raw":""},"author":1,"featured_media":96,"parent":0,"menu_order":0,"comment_status":"closed","ping_status":"closed","template":"","meta":{"_pl_post_content":"W naszej restauracji zorganizuj\u0105 Pa\u0144stwo doskona\u0142e, kameralne wesele i inne przyj\u0119cia okoliczno\u015bciowe (chrzty, komunie, rocznice).\n\n<strong>Zach\u0119camy do z\u0142o\u017cenia indywidulaniego zapytania o ofert\u0119, kt\u00f3r\u0105 dostosujemy do Pa\u0144stwa \u017cycze\u0144.<\/strong>\n\nRestauracja posiada 2 sale (50 i 40 miejsc), doskonale nadaj\u0105ce si\u0119 do organizowania imprez okoliczno\u015bciowych. Oryginalny wystr\u00f3j wn\u0119trza i przyjemny kameralny klimat stwarzaj\u0105 niepowtarzaln\u0105 atmosfer\u0119 uroczysto\u015bci. Profesjonalna obs\u0142uga i wytworne menu to gwarancja udanej imprezy.\n\n<a href=\"\/menu-na-wesela\/\"><\/a>","_pl_post_name":"imprezy","_pl_post_excerpt":"","_pl_post_title":"Imprezy","_en_post_content":"Our guests can choose from 2 restaurant rooms (for 50 and 40 seats), perfect for organizing different family and\/or business meetings.\r\n\r\nThe genuine interior design of the restaurant, together with cozy, private ambiance creates a special, unique atmosphere of the place.\r\n\r\nProfessional, competent personnel and exquisite, refined menu guarantee an enjoyable stay and unforgettable memories.","_en_post_name":"imprezy","_en_post_excerpt":"","_en_post_title":"Events","edit_language":"pl"},"_links":{"self":[{"href":"https:\/\/domekwdolinie.pl\/index.php?rest_route=\/wp\/v2\/pages\/87"}],"collection":[{"href":"https:\/\/domekwdolinie.pl\/index.php?rest_route=\/wp\/v2\/pages"}],"about":[{"href":"https:\/\/domekwdolinie.pl\/index.php?rest_route=\/wp\/v2\/types\/page"}],"author":[{"embeddable":true,"href":"https:\/\/domekwdolinie.pl\/index.php?rest_route=\/wp\/v2\/users\/1"}],"replies":[{"embeddable":true,"href":"https:\/\/domekwdolinie.pl\/index.php?rest_route=%2Fwp%2Fv2%2Fcomments&post=87"}],"version-history":[{"count":5,"href":"https:\/\/domekwdolinie.pl\/index.php?rest_route=\/wp\/v2\/pages\/87\/revisions"}],"predecessor-version":[{"id":280,"href":"https:\/\/domekwdolinie.pl\/index.php?rest_route=\/wp\/v2\/pages\/87\/revisions\/280"}],"wp:featuredmedia":[{"embeddable":true,"href":"https:\/\/domekwdolinie.pl\/index.php?rest_route=\/wp\/v2\/media\/96"}],"wp:attachment":[{"href":"https:\/\/domekwdolinie.pl\/index.php?rest_route=%2Fwp%2Fv2%2Fmedia&parent=87"}],"curies":[{"name":"wp","href":"https:\/\/api.w.org\/{rel}","templated":true}]}}